{"id":3408,"date":"2025-09-15T18:36:43","date_gmt":"2025-09-15T16:36:43","guid":{"rendered":"https:\/\/alviru.es\/?page_id=3408"},"modified":"2026-03-10T00:03:27","modified_gmt":"2026-03-09T23:03:27","slug":"una-habitacion-propia","status":"publish","type":"page","link":"https:\/\/alviru.es\/?page_id=3408","title":{"rendered":"Una habitaci\u00f3n propia"},"content":{"rendered":"\n<p>&#8220;Bienvenidas a <strong>&#8216;Una habitaci\u00f3n propia&#8217;<\/strong>.<\/p>\n\n\n\n<p>Esta exposici\u00f3n, que pod\u00e9is visitar en el <strong>Centro San Jos\u00e9 de la Diputaci\u00f3n de Guadalajara<\/strong>, es un homenaje a las <strong>mujeres trabajadoras del siglo XXI<\/strong>.<\/p>\n\n\n\n<p>A trav\u00e9s de mi objetivo, he querido capturar no solo el espacio f\u00edsico donde desarrollan su labor, sino su identidad, su fuerza y su presencia en el mundo laboral actual. Inspirado en el concepto de Virginia Woolf, cada retrato busca mostrar ese lugar \u2014propio y conquistado\u2014 que cada una de ellas ocupa hoy.<\/p>\n\n\n\n<figure class=\"wp-block-embed is-type-video is-provider-youtube wp-block-embed-youtube wp-embed-aspect-16-9 wp-has-aspect-ratio\"><div class=\"wp-block-embed__wrapper\">\n<div class=\"jetpack-video-wrapper\"><iframe title=\"Una habitaci\u00f3n propia\" width=\"640\" height=\"360\" src=\"https:\/\/www.youtube.com\/embed\/cETbn_C_3hQ?feature=oembed\" frameborder=\"0\" allow=\"accelerometer; autoplay; clipboard-write; encrypted-media; gyroscope; picture-in-picture; web-share\" referrerpolicy=\"strict-origin-when-cross-origin\" allowfullscreen><\/iframe><\/div>\n<\/div><\/figure>\n\n\n\n<figure class=\"wp-block-gallery has-nested-images columns-default is-cropped wp-block-gallery-1 is-layout-flex wp-block-gallery-is-layout-flex\">\n<figure class=\"wp-block-image size-large\"><img fetchpriority=\"high\" decoding=\"async\" width=\"1024\" height=\"768\" data-id=\"4180\" src=\"https:\/\/alviru.es\/wp-content\/uploads\/2026\/03\/photo_2026-03-09_12-14-36-1024x768.jpg\" alt=\"photo_2026-03-09_12-14-36\" class=\"wp-image-4180\" srcset=\"https:\/\/alviru.es\/wp-content\/uploads\/2026\/03\/photo_2026-03-09_12-14-36-1024x768.jpg 1024w, https:\/\/alviru.es\/wp-content\/uploads\/2026\/03\/photo_2026-03-09_12-14-36-300x225.jpg 300w, https:\/\/alviru.es\/wp-content\/uploads\/2026\/03\/photo_2026-03-09_12-14-36-768x576.jpg 768w, https:\/\/alviru.es\/wp-content\/uploads\/2026\/03\/photo_2026-03-09_12-14-36-600x450.jpg 600w, https:\/\/alviru.es\/wp-content\/uploads\/2026\/03\/photo_2026-03-09_12-14-36.jpg 1280w\" sizes=\"(max-width: 1024px) 100vw, 1024px\" \/><\/figure>\n\n\n\n<figure class=\"wp-block-image size-large\"><img decoding=\"async\" width=\"1024\" height=\"768\" data-id=\"4181\" src=\"https:\/\/alviru.es\/wp-content\/uploads\/2026\/03\/photo_2026-03-09_12-14-35-4-1024x768.jpg\" alt=\"photo_2026-03-09_12-14-35 (4)\" class=\"wp-image-4181\" srcset=\"https:\/\/alviru.es\/wp-content\/uploads\/2026\/03\/photo_2026-03-09_12-14-35-4-1024x768.jpg 1024w, https:\/\/alviru.es\/wp-content\/uploads\/2026\/03\/photo_2026-03-09_12-14-35-4-300x225.jpg 300w, https:\/\/alviru.es\/wp-content\/uploads\/2026\/03\/photo_2026-03-09_12-14-35-4-768x576.jpg 768w, https:\/\/alviru.es\/wp-content\/uploads\/2026\/03\/photo_2026-03-09_12-14-35-4-600x450.jpg 600w, https:\/\/alviru.es\/wp-content\/uploads\/2026\/03\/photo_2026-03-09_12-14-35-4.jpg 1280w\" sizes=\"(max-width: 1024px) 100vw, 1024px\" \/><\/figure>\n<\/figure>\n\n\n\n<figure class=\"wp-block-gallery has-nested-images columns-default is-cropped wp-block-gallery-2 is-layout-flex wp-block-gallery-is-layout-flex\">\n<figure class=\"wp-block-image size-large\"><img decoding=\"async\" width=\"1024\" height=\"768\" data-id=\"4182\" src=\"https:\/\/alviru.es\/wp-content\/uploads\/2026\/03\/photo_2026-03-09_12-14-34-1024x768.jpg\" alt=\"photo_2026-03-09_12-14-34\" class=\"wp-image-4182\" srcset=\"https:\/\/alviru.es\/wp-content\/uploads\/2026\/03\/photo_2026-03-09_12-14-34-1024x768.jpg 1024w, https:\/\/alviru.es\/wp-content\/uploads\/2026\/03\/photo_2026-03-09_12-14-34-300x225.jpg 300w, https:\/\/alviru.es\/wp-content\/uploads\/2026\/03\/photo_2026-03-09_12-14-34-768x576.jpg 768w, https:\/\/alviru.es\/wp-content\/uploads\/2026\/03\/photo_2026-03-09_12-14-34-600x450.jpg 600w, https:\/\/alviru.es\/wp-content\/uploads\/2026\/03\/photo_2026-03-09_12-14-34.jpg 1280w\" sizes=\"(max-width: 1024px) 100vw, 1024px\" \/><\/figure>\n\n\n\n<figure class=\"wp-block-image size-large\"><img loading=\"lazy\" decoding=\"async\" width=\"1024\" height=\"768\" data-id=\"4183\" src=\"https:\/\/alviru.es\/wp-content\/uploads\/2026\/03\/photo_2026-03-09_12-14-35-2-1024x768.jpg\" alt=\"photo_2026-03-09_12-14-35 (2)\" class=\"wp-image-4183\" srcset=\"https:\/\/alviru.es\/wp-content\/uploads\/2026\/03\/photo_2026-03-09_12-14-35-2-1024x768.jpg 1024w, https:\/\/alviru.es\/wp-content\/uploads\/2026\/03\/photo_2026-03-09_12-14-35-2-300x225.jpg 300w, https:\/\/alviru.es\/wp-content\/uploads\/2026\/03\/photo_2026-03-09_12-14-35-2-768x576.jpg 768w, https:\/\/alviru.es\/wp-content\/uploads\/2026\/03\/photo_2026-03-09_12-14-35-2-600x450.jpg 600w, https:\/\/alviru.es\/wp-content\/uploads\/2026\/03\/photo_2026-03-09_12-14-35-2.jpg 1280w\" sizes=\"(max-width: 1024px) 100vw, 1024px\" \/><\/figure>\n\n\n\n<figure class=\"wp-block-image size-large\"><img loading=\"lazy\" decoding=\"async\" width=\"1024\" height=\"768\" data-id=\"4184\" src=\"https:\/\/alviru.es\/wp-content\/uploads\/2026\/03\/photo_2026-03-09_12-14-35-1024x768.jpg\" alt=\"photo_2026-03-09_12-14-35\" class=\"wp-image-4184\" srcset=\"https:\/\/alviru.es\/wp-content\/uploads\/2026\/03\/photo_2026-03-09_12-14-35-1024x768.jpg 1024w, https:\/\/alviru.es\/wp-content\/uploads\/2026\/03\/photo_2026-03-09_12-14-35-300x225.jpg 300w, https:\/\/alviru.es\/wp-content\/uploads\/2026\/03\/photo_2026-03-09_12-14-35-768x576.jpg 768w, https:\/\/alviru.es\/wp-content\/uploads\/2026\/03\/photo_2026-03-09_12-14-35-600x450.jpg 600w, https:\/\/alviru.es\/wp-content\/uploads\/2026\/03\/photo_2026-03-09_12-14-35.jpg 1280w\" sizes=\"(max-width: 1024px) 100vw, 1024px\" \/><\/figure>\n<\/figure>\n\n\n\n<figure class=\"wp-block-gallery has-nested-images columns-default is-cropped wp-block-gallery-3 is-layout-flex wp-block-gallery-is-layout-flex\">\n<figure class=\"wp-block-image size-large\"><img loading=\"lazy\" decoding=\"async\" width=\"1024\" height=\"768\" data-id=\"4186\" src=\"https:\/\/alviru.es\/wp-content\/uploads\/2026\/03\/photo_2026-03-09_12-14-33-1024x768.jpg\" alt=\"photo_2026-03-09_12-14-33\" class=\"wp-image-4186\" srcset=\"https:\/\/alviru.es\/wp-content\/uploads\/2026\/03\/photo_2026-03-09_12-14-33-1024x768.jpg 1024w, https:\/\/alviru.es\/wp-content\/uploads\/2026\/03\/photo_2026-03-09_12-14-33-300x225.jpg 300w, https:\/\/alviru.es\/wp-content\/uploads\/2026\/03\/photo_2026-03-09_12-14-33-768x576.jpg 768w, https:\/\/alviru.es\/wp-content\/uploads\/2026\/03\/photo_2026-03-09_12-14-33-600x450.jpg 600w, https:\/\/alviru.es\/wp-content\/uploads\/2026\/03\/photo_2026-03-09_12-14-33.jpg 1280w\" sizes=\"(max-width: 1024px) 100vw, 1024px\" \/><\/figure>\n\n\n\n<figure class=\"wp-block-image size-large\"><img loading=\"lazy\" decoding=\"async\" width=\"1024\" height=\"768\" data-id=\"4187\" src=\"https:\/\/alviru.es\/wp-content\/uploads\/2026\/03\/photo_2026-03-09_12-14-34-2-1024x768.jpg\" alt=\"photo_2026-03-09_12-14-34 (2)\" class=\"wp-image-4187\" srcset=\"https:\/\/alviru.es\/wp-content\/uploads\/2026\/03\/photo_2026-03-09_12-14-34-2-1024x768.jpg 1024w, https:\/\/alviru.es\/wp-content\/uploads\/2026\/03\/photo_2026-03-09_12-14-34-2-300x225.jpg 300w, https:\/\/alviru.es\/wp-content\/uploads\/2026\/03\/photo_2026-03-09_12-14-34-2-768x576.jpg 768w, https:\/\/alviru.es\/wp-content\/uploads\/2026\/03\/photo_2026-03-09_12-14-34-2-600x450.jpg 600w, https:\/\/alviru.es\/wp-content\/uploads\/2026\/03\/photo_2026-03-09_12-14-34-2.jpg 1280w\" sizes=\"(max-width: 1024px) 100vw, 1024px\" \/><\/figure>\n\n\n\n<figure class=\"wp-block-image size-large\"><img loading=\"lazy\" decoding=\"async\" width=\"1024\" height=\"768\" data-id=\"4189\" src=\"https:\/\/alviru.es\/wp-content\/uploads\/2026\/03\/photo_2026-03-09_12-14-33-5-1024x768.jpg\" alt=\"photo_2026-03-09_12-14-33 (5)\" class=\"wp-image-4189\" srcset=\"https:\/\/alviru.es\/wp-content\/uploads\/2026\/03\/photo_2026-03-09_12-14-33-5-1024x768.jpg 1024w, https:\/\/alviru.es\/wp-content\/uploads\/2026\/03\/photo_2026-03-09_12-14-33-5-300x225.jpg 300w, https:\/\/alviru.es\/wp-content\/uploads\/2026\/03\/photo_2026-03-09_12-14-33-5-768x576.jpg 768w, https:\/\/alviru.es\/wp-content\/uploads\/2026\/03\/photo_2026-03-09_12-14-33-5-600x450.jpg 600w, https:\/\/alviru.es\/wp-content\/uploads\/2026\/03\/photo_2026-03-09_12-14-33-5.jpg 1280w\" sizes=\"(max-width: 1024px) 100vw, 1024px\" \/><\/figure>\n\n\n\n<figure class=\"wp-block-image size-large\"><img loading=\"lazy\" decoding=\"async\" width=\"1024\" height=\"768\" data-id=\"4190\" src=\"https:\/\/alviru.es\/wp-content\/uploads\/2026\/03\/photo_2026-03-09_12-14-33-4-1024x768.jpg\" alt=\"photo_2026-03-09_12-14-33 (4)\" class=\"wp-image-4190\" srcset=\"https:\/\/alviru.es\/wp-content\/uploads\/2026\/03\/photo_2026-03-09_12-14-33-4-1024x768.jpg 1024w, https:\/\/alviru.es\/wp-content\/uploads\/2026\/03\/photo_2026-03-09_12-14-33-4-300x225.jpg 300w, https:\/\/alviru.es\/wp-content\/uploads\/2026\/03\/photo_2026-03-09_12-14-33-4-768x576.jpg 768w, https:\/\/alviru.es\/wp-content\/uploads\/2026\/03\/photo_2026-03-09_12-14-33-4-600x450.jpg 600w, https:\/\/alviru.es\/wp-content\/uploads\/2026\/03\/photo_2026-03-09_12-14-33-4.jpg 1280w\" sizes=\"(max-width: 1024px) 100vw, 1024px\" \/><\/figure>\n\n\n\n<figure class=\"wp-block-image size-large\"><img loading=\"lazy\" decoding=\"async\" width=\"1024\" height=\"768\" data-id=\"4185\" src=\"https:\/\/alviru.es\/wp-content\/uploads\/2026\/03\/photo_2026-03-09_12-14-34-3-1024x768.jpg\" alt=\"photo_2026-03-09_12-14-34 (3)\" class=\"wp-image-4185\" srcset=\"https:\/\/alviru.es\/wp-content\/uploads\/2026\/03\/photo_2026-03-09_12-14-34-3-1024x768.jpg 1024w, https:\/\/alviru.es\/wp-content\/uploads\/2026\/03\/photo_2026-03-09_12-14-34-3-300x225.jpg 300w, https:\/\/alviru.es\/wp-content\/uploads\/2026\/03\/photo_2026-03-09_12-14-34-3-768x576.jpg 768w, https:\/\/alviru.es\/wp-content\/uploads\/2026\/03\/photo_2026-03-09_12-14-34-3-600x450.jpg 600w, https:\/\/alviru.es\/wp-content\/uploads\/2026\/03\/photo_2026-03-09_12-14-34-3.jpg 1280w\" sizes=\"(max-width: 1024px) 100vw, 1024px\" \/><\/figure>\n\n\n\n<figure class=\"wp-block-image size-large\"><img loading=\"lazy\" decoding=\"async\" width=\"1024\" height=\"768\" data-id=\"4188\" src=\"https:\/\/alviru.es\/wp-content\/uploads\/2026\/03\/photo_2026-03-09_12-14-34-4-1024x768.jpg\" alt=\"photo_2026-03-09_12-14-34 (4)\" class=\"wp-image-4188\" srcset=\"https:\/\/alviru.es\/wp-content\/uploads\/2026\/03\/photo_2026-03-09_12-14-34-4-1024x768.jpg 1024w, https:\/\/alviru.es\/wp-content\/uploads\/2026\/03\/photo_2026-03-09_12-14-34-4-300x225.jpg 300w, https:\/\/alviru.es\/wp-content\/uploads\/2026\/03\/photo_2026-03-09_12-14-34-4-768x576.jpg 768w, https:\/\/alviru.es\/wp-content\/uploads\/2026\/03\/photo_2026-03-09_12-14-34-4-600x450.jpg 600w, https:\/\/alviru.es\/wp-content\/uploads\/2026\/03\/photo_2026-03-09_12-14-34-4.jpg 1280w\" sizes=\"(max-width: 1024px) 100vw, 1024px\" \/><\/figure>\n<\/figure>\n\n\n\n<p><\/p>\n","protected":false},"excerpt":{"rendered":"<p>&#8220;Bienvenidas a &#8216;Una habitaci\u00f3n propia&#8217;. Esta exposici\u00f3n, que pod\u00e9is visitar en el Centro San Jos\u00e9 de la Diputaci\u00f3n de Guadalajara, es un homenaje a las mujeres trabajadoras del siglo XXI. A trav\u00e9s de mi objetivo, he querido capturar no solo el espacio f\u00edsico donde desarrollan su labor, sino su identidad, su fuerza y su presencia [&hellip;]<\/p>\n","protected":false},"author":1,"featured_media":0,"parent":0,"menu_order":0,"comment_status":"closed","ping_status":"closed","template":"","meta":{"footnotes":""},"class_list":["post-3408","page","type-page","status-publish","hentry"],"aioseo_notices":[],"_hostinger_reach_plugin_has_subscription_block":false,"_hostinger_reach_plugin_is_elementor":false,"jetpack_sharing_enabled":true,"_links":{"self":[{"href":"https:\/\/alviru.es\/index.php?rest_route=\/wp\/v2\/pages\/3408","targetHints":{"allow":["GET"]}}],"collection":[{"href":"https:\/\/alviru.es\/index.php?rest_route=\/wp\/v2\/pages"}],"about":[{"href":"https:\/\/alviru.es\/index.php?rest_route=\/wp\/v2\/types\/page"}],"author":[{"embeddable":true,"href":"https:\/\/alviru.es\/index.php?rest_route=\/wp\/v2\/users\/1"}],"replies":[{"embeddable":true,"href":"https:\/\/alviru.es\/index.php?rest_route=%2Fwp%2Fv2%2Fcomments&post=3408"}],"version-history":[{"count":6,"href":"https:\/\/alviru.es\/index.php?rest_route=\/wp\/v2\/pages\/3408\/revisions"}],"predecessor-version":[{"id":4194,"href":"https:\/\/alviru.es\/index.php?rest_route=\/wp\/v2\/pages\/3408\/revisions\/4194"}],"wp:attachment":[{"href":"https:\/\/alviru.es\/index.php?rest_route=%2Fwp%2Fv2%2Fmedia&parent=3408"}],"curies":[{"name":"wp","href":"https:\/\/api.w.org\/{rel}","templated":true}]}}